{"id":1588,"date":"2025-06-18T10:54:28","date_gmt":"2025-06-18T08:54:28","guid":{"rendered":"https:\/\/cloudsandtraining.net\/site\/?page_id=1588"},"modified":"2025-07-07T11:52:30","modified_gmt":"2025-07-07T09:52:30","slug":"formazione-manageriale","status":"publish","type":"page","link":"https:\/\/cloudsandtraining.net\/site\/formazione-manageriale\/","title":{"rendered":"Formazione Manageriale"},"content":{"rendered":"\t\t<div data-elementor-type=\"wp-page\" data-elementor-id=\"1588\" class=\"elementor elementor-1588\" data-elementor-post-type=\"page\">\n\t\t\t\t\t\t<section class=\"elementor-section elementor-top-section elementor-element elementor-element-130abd6d ct-section-stretched elementor-section-boxed elementor-section-height-default elementor-section-height-default\" data-id=\"130abd6d\" data-element_type=\"section\" data-e-type=\"section\" data-settings=\"{&quot;background_background&quot;:&quot;classic&quot;}\">\n\t\t\t\t\t\t\t<div class=\"elementor-background-overlay\"><\/div>\n\t\t\t\t\t\t\t<div class=\"elementor-container elementor-column-gap-default\">\n\t\t\t\t\t<div class=\"elementor-column elementor-col-100 elementor-top-column elementor-element elementor-element-73aaa361\" data-id=\"73aaa361\" data-element_type=\"column\" data-e-type=\"column\">\n\t\t\t<div class=\"elementor-widget-wrap elementor-element-populated\">\n\t\t\t\t\t\t<div class=\"elementor-element elementor-element-62120c0b elementor-widget elementor-widget-heading\" data-id=\"62120c0b\" data-element_type=\"widget\" data-e-type=\"widget\" data-widget_type=\"heading.default\">\n\t\t\t\t<div class=\"elementor-widget-container\">\n\t\t\t\t\t<h2 class=\"elementor-heading-title elementor-size-default\">Formazione manageriale<\/h2>\t\t\t\t<\/div>\n\t\t\t\t<\/div>\n\t\t\t\t\t<\/div>\n\t\t<\/div>\n\t\t\t\t\t<\/div>\n\t\t<\/section>\n\t\t\t\t<section class=\"elementor-section elementor-top-section elementor-element elementor-element-2af884a elementor-section-boxed elementor-section-height-default elementor-section-height-default elementor-invisible\" data-id=\"2af884a\" data-element_type=\"section\" data-e-type=\"section\" data-settings=\"{&quot;animation&quot;:&quot;zoomIn&quot;,&quot;background_background&quot;:&quot;classic&quot;}\">\n\t\t\t\t\t\t<div class=\"elementor-container elementor-column-gap-wide\">\n\t\t\t\t\t<div class=\"elementor-column elementor-col-100 elementor-top-column elementor-element elementor-element-3e17449c\" data-id=\"3e17449c\" data-element_type=\"column\" data-e-type=\"column\">\n\t\t\t<div class=\"elementor-widget-wrap elementor-element-populated\">\n\t\t\t\t\t\t<div class=\"elementor-element elementor-element-9639c13 elementor-widget elementor-widget-text-editor\" data-id=\"9639c13\" data-element_type=\"widget\" data-e-type=\"widget\" data-widget_type=\"text-editor.default\">\n\t\t\t\t<div class=\"elementor-widget-container\">\n\t\t\t\t\t\t\t\t\t<p><em>Il manager migliore \u00e8 chi sa trovare le persone per fare le cose e chi sa anche frenare il proprio desiderio di intromettersi. (Teodoro Roosvelt)<\/em><\/p>\t\t\t\t\t\t\t\t<\/div>\n\t\t\t\t<\/div>\n\t\t\t\t<div class=\"elementor-element elementor-element-58775d70 elementor-widget elementor-widget-heading\" data-id=\"58775d70\" data-element_type=\"widget\" data-e-type=\"widget\" data-widget_type=\"heading.default\">\n\t\t\t\t<div class=\"elementor-widget-container\">\n\t\t\t\t\t<h2 class=\"elementor-heading-title elementor-size-default\">Il Manager<\/h2>\t\t\t\t<\/div>\n\t\t\t\t<\/div>\n\t\t\t\t\t<\/div>\n\t\t<\/div>\n\t\t\t\t\t<\/div>\n\t\t<\/section>\n\t\t\t\t<section class=\"elementor-section elementor-top-section elementor-element elementor-element-2e81dd76 elementor-section-boxed elementor-section-height-default elementor-section-height-default elementor-invisible\" data-id=\"2e81dd76\" data-element_type=\"section\" data-e-type=\"section\" data-settings=\"{&quot;animation&quot;:&quot;fadeIn&quot;,&quot;background_background&quot;:&quot;classic&quot;}\">\n\t\t\t\t\t\t<div class=\"elementor-container elementor-column-gap-default\">\n\t\t\t\t\t<div class=\"elementor-column elementor-col-50 elementor-top-column elementor-element elementor-element-69840ce1\" data-id=\"69840ce1\" data-element_type=\"column\" data-e-type=\"column\">\n\t\t\t<div class=\"elementor-widget-wrap elementor-element-populated\">\n\t\t\t\t\t\t<div class=\"elementor-element elementor-element-1ee81ac4 elementor-widget elementor-widget-text-editor\" data-id=\"1ee81ac4\" data-element_type=\"widget\" data-e-type=\"widget\" data-widget_type=\"text-editor.default\">\n\t\t\t\t<div class=\"elementor-widget-container\">\n\t\t\t\t\t\t\t\t\t<p><span style=\"color: #ffffff;\">Mai come oggi il manager \u00e8 colui o colei che deve dare sempre pi\u00f9 senso all\u2019azione e che deve incoraggiare la collaborazione fra le persone.<\/span><\/p><p><span style=\"color: #ffffff;\">\u00c8 un compito gravoso poich\u00e9 deve saper coniugare tale responsabilit\u00e0 con la sua operativit\u00e0 quotidiana trovando costantemente il corretto equilibrio in questo mix.<\/span><\/p><p>\u00a0<\/p>\t\t\t\t\t\t\t\t<\/div>\n\t\t\t\t<\/div>\n\t\t\t\t\t<\/div>\n\t\t<\/div>\n\t\t\t\t<div class=\"elementor-column elementor-col-50 elementor-top-column elementor-element elementor-element-2ceb853\" data-id=\"2ceb853\" data-element_type=\"column\" data-e-type=\"column\">\n\t\t\t<div class=\"elementor-widget-wrap elementor-element-populated\">\n\t\t\t\t\t\t<div class=\"elementor-element elementor-element-4e00b7a elementor-widget__width-inherit elementor-widget elementor-widget-image\" data-id=\"4e00b7a\" data-element_type=\"widget\" data-e-type=\"widget\" data-widget_type=\"image.default\">\n\t\t\t\t<div class=\"elementor-widget-container\">\n\t\t\t\t\t\t\t\t\t\t\t\t\t\t\t<img fetchpriority=\"high\" decoding=\"async\" width=\"1920\" height=\"1080\" src=\"https:\/\/cloudsandtraining.net\/site\/wp-content\/uploads\/2025\/06\/pexels-yankrukov-7691739-1920x1080-1.jpg\" class=\"attachment-full size-full wp-image-1590\" alt=\"\" srcset=\"https:\/\/cloudsandtraining.net\/site\/wp-content\/uploads\/2025\/06\/pexels-yankrukov-7691739-1920x1080-1.jpg 1920w, https:\/\/cloudsandtraining.net\/site\/wp-content\/uploads\/2025\/06\/pexels-yankrukov-7691739-1920x1080-1-300x169.jpg 300w, https:\/\/cloudsandtraining.net\/site\/wp-content\/uploads\/2025\/06\/pexels-yankrukov-7691739-1920x1080-1-1024x576.jpg 1024w, https:\/\/cloudsandtraining.net\/site\/wp-content\/uploads\/2025\/06\/pexels-yankrukov-7691739-1920x1080-1-768x432.jpg 768w, https:\/\/cloudsandtraining.net\/site\/wp-content\/uploads\/2025\/06\/pexels-yankrukov-7691739-1920x1080-1-1536x864.jpg 1536w\" sizes=\"(max-width: 1920px) 100vw, 1920px\" \/>\t\t\t\t\t\t\t\t\t\t\t\t\t\t\t<\/div>\n\t\t\t\t<\/div>\n\t\t\t\t\t<\/div>\n\t\t<\/div>\n\t\t\t\t\t<\/div>\n\t\t<\/section>\n\t\t\t\t<section class=\"elementor-section elementor-top-section elementor-element elementor-element-232b059e elementor-section-boxed elementor-section-height-default elementor-section-height-default elementor-invisible\" data-id=\"232b059e\" data-element_type=\"section\" data-e-type=\"section\" data-settings=\"{&quot;animation&quot;:&quot;fadeIn&quot;,&quot;background_background&quot;:&quot;classic&quot;}\">\n\t\t\t\t\t\t<div class=\"elementor-container elementor-column-gap-wide\">\n\t\t\t\t\t<div class=\"elementor-column elementor-col-50 elementor-top-column elementor-element elementor-element-509c0ade\" data-id=\"509c0ade\" data-element_type=\"column\" data-e-type=\"column\">\n\t\t\t<div class=\"elementor-widget-wrap elementor-element-populated\">\n\t\t\t\t\t\t<div class=\"elementor-element elementor-element-1ed200eb elementor-widget__width-inherit elementor-widget elementor-widget-image\" data-id=\"1ed200eb\" data-element_type=\"widget\" data-e-type=\"widget\" data-widget_type=\"image.default\">\n\t\t\t\t<div class=\"elementor-widget-container\">\n\t\t\t\t\t\t\t\t\t\t\t\t\t\t\t<img decoding=\"async\" width=\"1920\" height=\"1080\" src=\"https:\/\/cloudsandtraining.net\/site\/wp-content\/uploads\/2025\/06\/CT-Sito.jpg\" class=\"attachment-full size-full wp-image-1553\" alt=\"\" srcset=\"https:\/\/cloudsandtraining.net\/site\/wp-content\/uploads\/2025\/06\/CT-Sito.jpg 1920w, https:\/\/cloudsandtraining.net\/site\/wp-content\/uploads\/2025\/06\/CT-Sito-300x169.jpg 300w, https:\/\/cloudsandtraining.net\/site\/wp-content\/uploads\/2025\/06\/CT-Sito-1024x576.jpg 1024w, https:\/\/cloudsandtraining.net\/site\/wp-content\/uploads\/2025\/06\/CT-Sito-768x432.jpg 768w, https:\/\/cloudsandtraining.net\/site\/wp-content\/uploads\/2025\/06\/CT-Sito-1536x864.jpg 1536w\" sizes=\"(max-width: 1920px) 100vw, 1920px\" \/>\t\t\t\t\t\t\t\t\t\t\t\t\t\t\t<\/div>\n\t\t\t\t<\/div>\n\t\t\t\t\t<\/div>\n\t\t<\/div>\n\t\t\t\t<div class=\"elementor-column elementor-col-50 elementor-top-column elementor-element elementor-element-7b15e89\" data-id=\"7b15e89\" data-element_type=\"column\" data-e-type=\"column\">\n\t\t\t<div class=\"elementor-widget-wrap elementor-element-populated\">\n\t\t\t\t\t\t<div class=\"elementor-element elementor-element-1feee1eb elementor-widget elementor-widget-text-editor\" data-id=\"1feee1eb\" data-element_type=\"widget\" data-e-type=\"widget\" data-widget_type=\"text-editor.default\">\n\t\t\t\t<div class=\"elementor-widget-container\">\n\t\t\t\t\t\t\t\t\t<p><span style=\"color: #ffffff;\">Il management \u00e8 dunque diventato un vero \u2018mestiere\u2019 e non pi\u00f9 una semplice funzione ed \u00e8 per questo che qualcuno parla oggi di \u201cmanager aumentato\u201d, riproducendo l\u2019espressione della realt\u00e0 aumentata.<\/span><\/p><p><span style=\"color: #ffffff;\">Sappiamo bene che non esistono ricette buone per tutti e per ogni situazione organizzativa, ma \u00e8 anche vero che si stanno imponendo alcune formule da adattare in modo adeguato rispetto ai vari contesti e alle differenti figure manageriali.\u00a0<\/span><\/p>\t\t\t\t\t\t\t\t<\/div>\n\t\t\t\t<\/div>\n\t\t\t\t\t<\/div>\n\t\t<\/div>\n\t\t\t\t\t<\/div>\n\t\t<\/section>\n\t\t\t\t<section class=\"elementor-section elementor-top-section elementor-element elementor-element-1a929569 elementor-section-boxed elementor-section-height-default elementor-section-height-default elementor-invisible\" data-id=\"1a929569\" data-element_type=\"section\" data-e-type=\"section\" data-settings=\"{&quot;animation&quot;:&quot;fadeIn&quot;,&quot;background_background&quot;:&quot;classic&quot;}\">\n\t\t\t\t\t\t<div class=\"elementor-container elementor-column-gap-default\">\n\t\t\t\t\t<div class=\"elementor-column elementor-col-100 elementor-top-column elementor-element elementor-element-2d9275e8\" data-id=\"2d9275e8\" data-element_type=\"column\" data-e-type=\"column\">\n\t\t\t<div class=\"elementor-widget-wrap elementor-element-populated\">\n\t\t\t\t\t\t<div class=\"elementor-element elementor-element-505a9cb elementor-widget elementor-widget-heading\" data-id=\"505a9cb\" data-element_type=\"widget\" data-e-type=\"widget\" data-widget_type=\"heading.default\">\n\t\t\t\t<div class=\"elementor-widget-container\">\n\t\t\t\t\t<h2 class=\"elementor-heading-title elementor-size-default\">Ma quali sono?<\/h2>\t\t\t\t<\/div>\n\t\t\t\t<\/div>\n\t\t\t\t\t<\/div>\n\t\t<\/div>\n\t\t\t\t\t<\/div>\n\t\t<\/section>\n\t\t\t\t<section class=\"elementor-section elementor-top-section elementor-element elementor-element-6b2ce03f elementor-section-boxed elementor-section-height-default elementor-section-height-default\" data-id=\"6b2ce03f\" data-element_type=\"section\" data-e-type=\"section\" data-settings=\"{&quot;background_background&quot;:&quot;classic&quot;}\">\n\t\t\t\t\t\t<div class=\"elementor-container elementor-column-gap-default\">\n\t\t\t\t\t<div class=\"elementor-column elementor-col-100 elementor-top-column elementor-element elementor-element-418e9561\" data-id=\"418e9561\" data-element_type=\"column\" data-e-type=\"column\">\n\t\t\t<div class=\"elementor-widget-wrap elementor-element-populated\">\n\t\t\t\t\t\t<section class=\"elementor-section elementor-inner-section elementor-element elementor-element-5f758796 elementor-section-boxed elementor-section-height-default elementor-section-height-default elementor-invisible\" data-id=\"5f758796\" data-element_type=\"section\" data-e-type=\"section\" data-settings=\"{&quot;animation&quot;:&quot;fadeIn&quot;}\">\n\t\t\t\t\t\t<div class=\"elementor-container elementor-column-gap-extended\">\n\t\t\t\t\t<div class=\"elementor-column elementor-col-50 elementor-inner-column elementor-element elementor-element-1678430b\" data-id=\"1678430b\" data-element_type=\"column\" data-e-type=\"column\">\n\t\t\t<div class=\"elementor-widget-wrap elementor-element-populated\">\n\t\t\t\t\t\t<div class=\"elementor-element elementor-element-2a686ca elementor-position-top elementor-invisible elementor-widget elementor-widget-image-box\" data-id=\"2a686ca\" data-element_type=\"widget\" data-e-type=\"widget\" data-settings=\"{&quot;_animation&quot;:&quot;zoomIn&quot;}\" data-widget_type=\"image-box.default\">\n\t\t\t\t<div class=\"elementor-widget-container\">\n\t\t\t\t\t<div class=\"elementor-image-box-wrapper\"><figure class=\"elementor-image-box-img\"><a href=\"https:\/\/demosites.royal-elementor-addons.com\/digital-marketing-agency-v2\/digital-consultant\/\" tabindex=\"-1\"><img decoding=\"async\" width=\"491\" height=\"491\" src=\"https:\/\/cloudsandtraining.net\/site\/wp-content\/uploads\/2025\/05\/pic-8.png\" class=\"attachment-full size-full wp-image-1217\" alt=\"\" srcset=\"https:\/\/cloudsandtraining.net\/site\/wp-content\/uploads\/2025\/05\/pic-8.png 491w, https:\/\/cloudsandtraining.net\/site\/wp-content\/uploads\/2025\/05\/pic-8-300x300.png 300w, https:\/\/cloudsandtraining.net\/site\/wp-content\/uploads\/2025\/05\/pic-8-150x150.png 150w\" sizes=\"(max-width: 491px) 100vw, 491px\" \/><\/a><\/figure><div class=\"elementor-image-box-content\"><h3 class=\"elementor-image-box-title\"><a href=\"https:\/\/demosites.royal-elementor-addons.com\/digital-marketing-agency-v2\/digital-consultant\/\">1<\/a><\/h3><p class=\"elementor-image-box-description\">L\u2019approccio formativo deve passare attraverso contenuti e modalit\u00e0 percepiti veramente utili dalle Persone. Ci\u00f2 significa un\u2019analisi positivamente critica di modelli attuali e di impieghi.<span style=\"font-style: inherit\"><\/span><\/p><\/div><\/div>\t\t\t\t<\/div>\n\t\t\t\t<\/div>\n\t\t\t\t\t<\/div>\n\t\t<\/div>\n\t\t\t\t<div class=\"elementor-column elementor-col-50 elementor-inner-column elementor-element elementor-element-71491675\" data-id=\"71491675\" data-element_type=\"column\" data-e-type=\"column\">\n\t\t\t<div class=\"elementor-widget-wrap elementor-element-populated\">\n\t\t\t\t\t\t<div class=\"elementor-element elementor-element-340a03df elementor-position-top elementor-invisible elementor-widget elementor-widget-image-box\" data-id=\"340a03df\" data-element_type=\"widget\" data-e-type=\"widget\" data-settings=\"{&quot;_animation&quot;:&quot;zoomIn&quot;}\" data-widget_type=\"image-box.default\">\n\t\t\t\t<div class=\"elementor-widget-container\">\n\t\t\t\t\t<div class=\"elementor-image-box-wrapper\"><figure class=\"elementor-image-box-img\"><a href=\"https:\/\/demosites.royal-elementor-addons.com\/digital-marketing-agency-v2\/digital-consultant\/\" tabindex=\"-1\"><img loading=\"lazy\" decoding=\"async\" width=\"491\" height=\"491\" src=\"https:\/\/cloudsandtraining.net\/site\/wp-content\/uploads\/2025\/05\/pic-6.png\" class=\"attachment-full size-full wp-image-1218\" alt=\"\" srcset=\"https:\/\/cloudsandtraining.net\/site\/wp-content\/uploads\/2025\/05\/pic-6.png 491w, https:\/\/cloudsandtraining.net\/site\/wp-content\/uploads\/2025\/05\/pic-6-300x300.png 300w, https:\/\/cloudsandtraining.net\/site\/wp-content\/uploads\/2025\/05\/pic-6-150x150.png 150w\" sizes=\"(max-width: 491px) 100vw, 491px\" \/><\/a><\/figure><div class=\"elementor-image-box-content\"><h3 class=\"elementor-image-box-title\"><a href=\"https:\/\/demosites.royal-elementor-addons.com\/digital-marketing-agency-v2\/digital-consultant\/\">2<\/a><\/h3><p class=\"elementor-image-box-description\">La transizione verso una modalit\u00e0 di <i>FLOW MANAGEMENT<\/i> che risulta come prodotto di tre parametri: livello di sfida, livello di competenza, livello di ottimizzazione tra energia spesa e obiettivi ottenuti.<\/p><\/div><\/div>\t\t\t\t<\/div>\n\t\t\t\t<\/div>\n\t\t\t\t\t<\/div>\n\t\t<\/div>\n\t\t\t\t\t<\/div>\n\t\t<\/section>\n\t\t\t\t<section class=\"elementor-section elementor-inner-section elementor-element elementor-element-c4e8556 elementor-section-boxed elementor-section-height-default elementor-section-height-default elementor-invisible\" data-id=\"c4e8556\" data-element_type=\"section\" data-e-type=\"section\" data-settings=\"{&quot;animation&quot;:&quot;fadeIn&quot;}\">\n\t\t\t\t\t\t<div class=\"elementor-container elementor-column-gap-extended\">\n\t\t\t\t\t<div class=\"elementor-column elementor-col-50 elementor-inner-column elementor-element elementor-element-70f97b6\" data-id=\"70f97b6\" data-element_type=\"column\" data-e-type=\"column\">\n\t\t\t<div class=\"elementor-widget-wrap elementor-element-populated\">\n\t\t\t\t\t\t<div class=\"elementor-element elementor-element-d822762 elementor-position-top elementor-invisible elementor-widget elementor-widget-image-box\" data-id=\"d822762\" data-element_type=\"widget\" data-e-type=\"widget\" data-settings=\"{&quot;_animation&quot;:&quot;zoomIn&quot;}\" data-widget_type=\"image-box.default\">\n\t\t\t\t<div class=\"elementor-widget-container\">\n\t\t\t\t\t<div class=\"elementor-image-box-wrapper\"><figure class=\"elementor-image-box-img\"><a href=\"https:\/\/demosites.royal-elementor-addons.com\/digital-marketing-agency-v2\/digital-consultant\/\" tabindex=\"-1\"><img loading=\"lazy\" decoding=\"async\" width=\"491\" height=\"491\" src=\"https:\/\/cloudsandtraining.net\/site\/wp-content\/uploads\/2025\/05\/pic-7.png\" class=\"attachment-full size-full wp-image-1220\" alt=\"\" srcset=\"https:\/\/cloudsandtraining.net\/site\/wp-content\/uploads\/2025\/05\/pic-7.png 491w, https:\/\/cloudsandtraining.net\/site\/wp-content\/uploads\/2025\/05\/pic-7-300x300.png 300w, https:\/\/cloudsandtraining.net\/site\/wp-content\/uploads\/2025\/05\/pic-7-150x150.png 150w\" sizes=\"(max-width: 491px) 100vw, 491px\" \/><\/a><\/figure><div class=\"elementor-image-box-content\"><h3 class=\"elementor-image-box-title\"><a href=\"https:\/\/demosites.royal-elementor-addons.com\/digital-marketing-agency-v2\/digital-consultant\/\">3<\/a><\/h3><p class=\"elementor-image-box-description\">La scelta dei percorsi di sviluppo formativo pi\u00f9 in linea con le esigenze dei manager e delle aziende in relazione al business.<\/p><\/div><\/div>\t\t\t\t<\/div>\n\t\t\t\t<\/div>\n\t\t\t\t\t<\/div>\n\t\t<\/div>\n\t\t\t\t<div class=\"elementor-column elementor-col-50 elementor-inner-column elementor-element elementor-element-7bb185a\" data-id=\"7bb185a\" data-element_type=\"column\" data-e-type=\"column\">\n\t\t\t<div class=\"elementor-widget-wrap elementor-element-populated\">\n\t\t\t\t\t\t<div class=\"elementor-element elementor-element-f1c4d2a elementor-position-top elementor-invisible elementor-widget elementor-widget-image-box\" data-id=\"f1c4d2a\" data-element_type=\"widget\" data-e-type=\"widget\" data-settings=\"{&quot;_animation&quot;:&quot;zoomIn&quot;}\" data-widget_type=\"image-box.default\">\n\t\t\t\t<div class=\"elementor-widget-container\">\n\t\t\t\t\t<div class=\"elementor-image-box-wrapper\"><figure class=\"elementor-image-box-img\"><a href=\"https:\/\/demosites.royal-elementor-addons.com\/digital-marketing-agency-v2\/digital-consultant\/\" tabindex=\"-1\"><img loading=\"lazy\" decoding=\"async\" width=\"491\" height=\"491\" src=\"https:\/\/cloudsandtraining.net\/site\/wp-content\/uploads\/2025\/05\/pic-7.png\" class=\"attachment-full size-full wp-image-1220\" alt=\"\" srcset=\"https:\/\/cloudsandtraining.net\/site\/wp-content\/uploads\/2025\/05\/pic-7.png 491w, https:\/\/cloudsandtraining.net\/site\/wp-content\/uploads\/2025\/05\/pic-7-300x300.png 300w, https:\/\/cloudsandtraining.net\/site\/wp-content\/uploads\/2025\/05\/pic-7-150x150.png 150w\" sizes=\"(max-width: 491px) 100vw, 491px\" \/><\/a><\/figure><div class=\"elementor-image-box-content\"><h3 class=\"elementor-image-box-title\"><a href=\"https:\/\/demosites.royal-elementor-addons.com\/digital-marketing-agency-v2\/digital-consultant\/\">4<\/a><\/h3><p class=\"elementor-image-box-description\">Uno sguardo concreto ed operativo sulle competenze da rinforzare per il futuro. <\/p><\/div><\/div>\t\t\t\t<\/div>\n\t\t\t\t<\/div>\n\t\t\t\t\t<\/div>\n\t\t<\/div>\n\t\t\t\t\t<\/div>\n\t\t<\/section>\n\t\t\t\t<div class=\"elementor-element elementor-element-dcf93b4 elementor-widget-divider--view-line elementor-widget elementor-widget-divider\" data-id=\"dcf93b4\" data-element_type=\"widget\" data-e-type=\"widget\" data-widget_type=\"divider.default\">\n\t\t\t\t<div class=\"elementor-widget-container\">\n\t\t\t\t\t\t\t<div class=\"elementor-divider\">\n\t\t\t<span class=\"elementor-divider-separator\">\n\t\t\t\t\t\t<\/span>\n\t\t<\/div>\n\t\t\t\t\t\t<\/div>\n\t\t\t\t<\/div>\n\t\t\t\t\t<\/div>\n\t\t<\/div>\n\t\t\t\t\t<\/div>\n\t\t<\/section>\n\t\t\t\t<section class=\"elementor-section elementor-top-section elementor-element elementor-element-1f7caba1 elementor-section-boxed elementor-section-height-default elementor-section-height-default\" data-id=\"1f7caba1\" data-element_type=\"section\" data-e-type=\"section\" data-settings=\"{&quot;background_background&quot;:&quot;classic&quot;}\">\n\t\t\t\t\t\t<div class=\"elementor-container elementor-column-gap-default\">\n\t\t\t\t\t<div class=\"elementor-column elementor-col-50 elementor-top-column elementor-element elementor-element-3c0fbf81\" data-id=\"3c0fbf81\" data-element_type=\"column\" data-e-type=\"column\">\n\t\t\t<div class=\"elementor-widget-wrap elementor-element-populated\">\n\t\t\t\t\t\t<div class=\"elementor-element elementor-element-1cf4b5b8 elementor-align-center elementor-widget elementor-widget-button\" data-id=\"1cf4b5b8\" data-element_type=\"widget\" data-e-type=\"widget\" data-widget_type=\"button.default\">\n\t\t\t\t<div class=\"elementor-widget-container\">\n\t\t\t\t\t\t\t\t\t<div class=\"elementor-button-wrapper\">\n\t\t\t\t\t<a class=\"elementor-button elementor-button-link elementor-size-sm\" href=\"https:\/\/cloudsandtraining.kodakai.it\/demo\/\">\n\t\t\t\t\t\t<span class=\"elementor-button-content-wrapper\">\n\t\t\t\t\t\t\t\t\t<span class=\"elementor-button-text\">Prova la Piattaforma E-Learning<\/span>\n\t\t\t\t\t<\/span>\n\t\t\t\t\t<\/a>\n\t\t\t\t<\/div>\n\t\t\t\t\t\t\t\t<\/div>\n\t\t\t\t<\/div>\n\t\t\t\t\t<\/div>\n\t\t<\/div>\n\t\t\t\t<div class=\"elementor-column elementor-col-50 elementor-top-column elementor-element elementor-element-49bd9f2d\" data-id=\"49bd9f2d\" data-element_type=\"column\" data-e-type=\"column\">\n\t\t\t<div class=\"elementor-widget-wrap elementor-element-populated\">\n\t\t\t\t\t\t<div class=\"elementor-element elementor-element-68cda0bd elementor-align-center elementor-widget elementor-widget-button\" data-id=\"68cda0bd\" data-element_type=\"widget\" data-e-type=\"widget\" data-widget_type=\"button.default\">\n\t\t\t\t<div class=\"elementor-widget-container\">\n\t\t\t\t\t\t\t\t\t<div class=\"elementor-button-wrapper\">\n\t\t\t\t\t<a class=\"elementor-button elementor-button-link elementor-size-sm\" href=\"https:\/\/cloudsandtraining.net\/site\/wp-content\/uploads\/2025\/06\/Catalogo-FAD-ct-2025.pdf\">\n\t\t\t\t\t\t<span class=\"elementor-button-content-wrapper\">\n\t\t\t\t\t\t\t\t\t<span class=\"elementor-button-text\">Scarica la presentazione e il catalogo dei corsi in PDF<\/span>\n\t\t\t\t\t<\/span>\n\t\t\t\t\t<\/a>\n\t\t\t\t<\/div>\n\t\t\t\t\t\t\t\t<\/div>\n\t\t\t\t<\/div>\n\t\t\t\t\t<\/div>\n\t\t<\/div>\n\t\t\t\t\t<\/div>\n\t\t<\/section>\n\t\t\t\t<\/div>\n\t\t","protected":false},"excerpt":{"rendered":"<p>Formazione manageriale Il manager migliore \u00e8 chi sa trovare le persone per fare le cose e chi sa anche frenare il proprio desiderio di intromettersi. (Teodoro Roosvelt) Il Manager Mai come oggi il manager \u00e8 colui o colei che deve dare sempre pi\u00f9 senso all\u2019azione e che deve incoraggiare la collaborazione fra le persone. \u00c8 [&hellip;]<\/p>\n","protected":false},"author":4,"featured_media":0,"parent":0,"menu_order":0,"comment_status":"closed","ping_status":"closed","template":"","meta":{"footnotes":""},"class_list":["post-1588","page","type-page","status-publish","hentry"],"blocksy_meta":[],"_links":{"self":[{"href":"https:\/\/cloudsandtraining.net\/site\/wp-json\/wp\/v2\/pages\/1588","targetHints":{"allow":["GET"]}}],"collection":[{"href":"https:\/\/cloudsandtraining.net\/site\/wp-json\/wp\/v2\/pages"}],"about":[{"href":"https:\/\/cloudsandtraining.net\/site\/wp-json\/wp\/v2\/types\/page"}],"author":[{"embeddable":true,"href":"https:\/\/cloudsandtraining.net\/site\/wp-json\/wp\/v2\/users\/4"}],"replies":[{"embeddable":true,"href":"https:\/\/cloudsandtraining.net\/site\/wp-json\/wp\/v2\/comments?post=1588"}],"version-history":[{"count":24,"href":"https:\/\/cloudsandtraining.net\/site\/wp-json\/wp\/v2\/pages\/1588\/revisions"}],"predecessor-version":[{"id":1858,"href":"https:\/\/cloudsandtraining.net\/site\/wp-json\/wp\/v2\/pages\/1588\/revisions\/1858"}],"wp:attachment":[{"href":"https:\/\/cloudsandtraining.net\/site\/wp-json\/wp\/v2\/media?parent=1588"}],"curies":[{"name":"wp","href":"https:\/\/api.w.org\/{rel}","templated":true}]}}