{"id":2528,"date":"2025-10-06T16:51:12","date_gmt":"2025-10-06T14:51:12","guid":{"rendered":"https:\/\/cloudsandtraining.net\/site\/?page_id=2528"},"modified":"2026-02-03T09:54:55","modified_gmt":"2026-02-03T08:54:55","slug":"c94-ia-per-tutti-scopriamo-insieme-le-basi","status":"publish","type":"page","link":"https:\/\/cloudsandtraining.net\/site\/catalogo-corsi-fad\/area-ai-programmazione-data-science-e-big-data\/c94-ia-per-tutti-scopriamo-insieme-le-basi\/","title":{"rendered":"C94 \u2013 IA Per Tutti: scopriamo insieme le basi"},"content":{"rendered":"\t\t<div data-elementor-type=\"wp-page\" data-elementor-id=\"2528\" class=\"elementor elementor-2528\" data-elementor-post-type=\"page\">\n\t\t\t\t\t\t<section class=\"elementor-section elementor-top-section elementor-element elementor-element-5a2982e elementor-section-boxed elementor-section-height-default elementor-section-height-default\" data-id=\"5a2982e\" data-element_type=\"section\" data-e-type=\"section\">\n\t\t\t\t\t\t<div class=\"elementor-container elementor-column-gap-default\">\n\t\t\t\t\t<div class=\"elementor-column elementor-col-100 elementor-top-column elementor-element elementor-element-80bb755\" data-id=\"80bb755\" data-element_type=\"column\" data-e-type=\"column\">\n\t\t\t<div class=\"elementor-widget-wrap elementor-element-populated\">\n\t\t\t\t\t\t<div class=\"elementor-element elementor-element-c2471b4 elementor-widget elementor-widget-text-editor\" data-id=\"c2471b4\" data-element_type=\"widget\" data-e-type=\"widget\" data-widget_type=\"text-editor.default\">\n\t\t\t\t<div class=\"elementor-widget-container\">\n\t\t\t\t\t\t\t\t\t<p><strong>Obiettivi del corso<\/strong><\/p><p>Imparerai a riconoscere e comprendere l\u2019Intelligenza Artificiale nella vita quotidiana, a esplorarne i \u201csensi\u201d e i processi decisionali attraverso attivit\u00e0 pratiche, e a sperimentare direttamente la creazione di contenuti con tool IA semplici.<\/p><p><strong>Argomenti principali<\/strong><\/p><ul><li>Cos&#8217;\u00e8 l&#8217;IA: spiegazione interattiva<\/li><li>Attivit\u00e0 interattiva: identificare esempi di IA nella vita quotidiana<\/li><li>I &#8220;sensi&#8221; dell&#8217;IA: Visione artificiale: riconoscimento immagini. Elaborazione del linguaggio naturale. Attivit\u00e0 pratica: test di un sistema di riconoscimento vocale.<\/li><li>Come &#8220;pensa&#8221; l&#8217;IA: Concetto di algoritmo semplificato. Processo decisionale dell&#8217;IA. Mini-gioco: prevedere le decisioni di un&#8217;IA semplice.<\/li><li>Creiamo insieme: esperienza hands-on. Utilizzo di un tool IA semplice<\/li><\/ul><p>Durata: 1,5 ore<\/p><p><iframe title=\"IA per Tutti: Scopri le Basi dell&#039;Intelligenza Artificiale | Corso Pratico\" width=\"1290\" height=\"726\" src=\"https:\/\/www.youtube.com\/embed\/LPzx6IDjuIY?feature=oembed\" frameborder=\"0\" allow=\"accelerometer; autoplay; clipboard-write; encrypted-media; gyroscope; picture-in-picture; web-share\" referrerpolicy=\"strict-origin-when-cross-origin\" allowfullscreen><\/iframe><\/p>\t\t\t\t\t\t\t\t<\/div>\n\t\t\t\t<\/div>\n\t\t\t\t\t<\/div>\n\t\t<\/div>\n\t\t\t\t\t<\/div>\n\t\t<\/section>\n\t\t\t\t<\/div>\n\t\t","protected":false},"excerpt":{"rendered":"<p>Obiettivi del corso Imparerai a riconoscere e comprendere l\u2019Intelligenza Artificiale nella vita quotidiana, a esplorarne i \u201csensi\u201d e i processi decisionali attraverso attivit\u00e0 pratiche, e a sperimentare direttamente la creazione di contenuti con tool IA semplici. Argomenti principali Cos&#8217;\u00e8 l&#8217;IA: spiegazione interattiva Attivit\u00e0 interattiva: identificare esempi di IA nella vita quotidiana I &#8220;sensi&#8221; dell&#8217;IA: Visione [&hellip;]<\/p>\n","protected":false},"author":4,"featured_media":0,"parent":3957,"menu_order":0,"comment_status":"closed","ping_status":"closed","template":"","meta":{"footnotes":""},"class_list":["post-2528","page","type-page","status-publish","hentry"],"blocksy_meta":[],"_links":{"self":[{"href":"https:\/\/cloudsandtraining.net\/site\/wp-json\/wp\/v2\/pages\/2528","targetHints":{"allow":["GET"]}}],"collection":[{"href":"https:\/\/cloudsandtraining.net\/site\/wp-json\/wp\/v2\/pages"}],"about":[{"href":"https:\/\/cloudsandtraining.net\/site\/wp-json\/wp\/v2\/types\/page"}],"author":[{"embeddable":true,"href":"https:\/\/cloudsandtraining.net\/site\/wp-json\/wp\/v2\/users\/4"}],"replies":[{"embeddable":true,"href":"https:\/\/cloudsandtraining.net\/site\/wp-json\/wp\/v2\/comments?post=2528"}],"version-history":[{"count":8,"href":"https:\/\/cloudsandtraining.net\/site\/wp-json\/wp\/v2\/pages\/2528\/revisions"}],"predecessor-version":[{"id":4144,"href":"https:\/\/cloudsandtraining.net\/site\/wp-json\/wp\/v2\/pages\/2528\/revisions\/4144"}],"up":[{"embeddable":true,"href":"https:\/\/cloudsandtraining.net\/site\/wp-json\/wp\/v2\/pages\/3957"}],"wp:attachment":[{"href":"https:\/\/cloudsandtraining.net\/site\/wp-json\/wp\/v2\/media?parent=2528"}],"curies":[{"name":"wp","href":"https:\/\/api.w.org\/{rel}","templated":true}]}}