{"id":2684,"date":"2025-10-08T14:18:58","date_gmt":"2025-10-08T12:18:58","guid":{"rendered":"https:\/\/cloudsandtraining.net\/site\/?page_id=2684"},"modified":"2025-10-09T12:58:19","modified_gmt":"2025-10-09T10:58:19","slug":"g07-gestione-sostenibile-dei-materiali","status":"publish","type":"page","link":"https:\/\/cloudsandtraining.net\/site\/catalogo-corsi-fad\/area-organizzazione-aziendale-esg\/g07-gestione-sostenibile-dei-materiali\/","title":{"rendered":"G07 \u2013 Gestione Sostenibile dei Materiali"},"content":{"rendered":"\t\t<div data-elementor-type=\"wp-page\" data-elementor-id=\"2684\" class=\"elementor elementor-2684\" data-elementor-post-type=\"page\">\n\t\t\t\t\t\t<section class=\"elementor-section elementor-top-section elementor-element elementor-element-5a2982e elementor-section-boxed elementor-section-height-default elementor-section-height-default\" data-id=\"5a2982e\" data-element_type=\"section\" data-e-type=\"section\">\n\t\t\t\t\t\t<div class=\"elementor-container elementor-column-gap-default\">\n\t\t\t\t\t<div class=\"elementor-column elementor-col-100 elementor-top-column elementor-element elementor-element-80bb755\" data-id=\"80bb755\" data-element_type=\"column\" data-e-type=\"column\">\n\t\t\t<div class=\"elementor-widget-wrap elementor-element-populated\">\n\t\t\t\t\t\t<div class=\"elementor-element elementor-element-c2471b4 elementor-widget elementor-widget-text-editor\" data-id=\"c2471b4\" data-element_type=\"widget\" data-e-type=\"widget\" data-widget_type=\"text-editor.default\">\n\t\t\t\t<div class=\"elementor-widget-container\">\n\t\t\t\t\t\t\t\t\t<p><strong>Obiettivi del corso<\/strong><\/p><p>Con questo corso sarai in grado di svolgere tutte le mansioni per la <strong>gestione sostenibile dei cantieri edili<\/strong>. Acquisirai inoltre competenze specialistiche teorico\/pratiche per classificare e selezionare i materiali, definirne la sostenibilit\u00e0 e costruire case ecosostenibili.<\/p><p><strong>Argomenti principali<\/strong><\/p><ul><li>La sostenibilit\u00e0 nel contesto sociale ed economico: Sviluppo economico<\/li><li>Ecosistema sostenibile<\/li><li>Indicatori di sostenibilit\u00e0<\/li><li>Indicatori di sviluppo economico<\/li><li>La sostenibilit\u00e0 in ambito edile<\/li><li>Il metabolismo del corpo umano<\/li><li>Equilibrio termico<\/li><li>Gli indici del benessere sostenibile<\/li><li>Gli indici del benessere visivo<\/li><li>Il benessere acustico<\/li><li>L\u2019aria interna sostenibile<\/li><li>Materiali sostenibili in ambito edile<\/li><li>Classificazione dei materiali<\/li><li>Il calcestruzzo armato<\/li><li>La muratura<\/li><li>Il legno<\/li><li>Materiali isolanti minerali, materiali isolanti sintetici e materiali isolanti naturali<\/li><li>Come rendere eco sostenibili le nostre abitazioni<\/li><li>Come gestire il vapore<\/li><li>Come gestire il calore<\/li><li>Come gestire l\u2019energia<\/li><li>Casa passiva<\/li><\/ul><hr \/><p>Durata: 4 ore<\/p><p><iframe title=\"Gestione Sostenibile dei Materiali - Corso in FAD\" width=\"1290\" height=\"726\" src=\"https:\/\/www.youtube.com\/embed\/mOuHLHPWJSU?feature=oembed\" frameborder=\"0\" allow=\"accelerometer; autoplay; clipboard-write; encrypted-media; gyroscope; picture-in-picture; web-share\" referrerpolicy=\"strict-origin-when-cross-origin\" allowfullscreen><\/iframe><\/p>\t\t\t\t\t\t\t\t<\/div>\n\t\t\t\t<\/div>\n\t\t\t\t\t<\/div>\n\t\t<\/div>\n\t\t\t\t\t<\/div>\n\t\t<\/section>\n\t\t\t\t<\/div>\n\t\t","protected":false},"excerpt":{"rendered":"<p>Obiettivi del corso Con questo corso sarai in grado di svolgere tutte le mansioni per la gestione sostenibile dei cantieri edili. Acquisirai inoltre competenze specialistiche teorico\/pratiche per classificare e selezionare i materiali, definirne la sostenibilit\u00e0 e costruire case ecosostenibili. Argomenti principali La sostenibilit\u00e0 nel contesto sociale ed economico: Sviluppo economico Ecosistema sostenibile Indicatori di sostenibilit\u00e0 [&hellip;]<\/p>\n","protected":false},"author":4,"featured_media":0,"parent":2667,"menu_order":0,"comment_status":"closed","ping_status":"closed","template":"","meta":{"footnotes":""},"class_list":["post-2684","page","type-page","status-publish","hentry"],"blocksy_meta":[],"_links":{"self":[{"href":"https:\/\/cloudsandtraining.net\/site\/wp-json\/wp\/v2\/pages\/2684","targetHints":{"allow":["GET"]}}],"collection":[{"href":"https:\/\/cloudsandtraining.net\/site\/wp-json\/wp\/v2\/pages"}],"about":[{"href":"https:\/\/cloudsandtraining.net\/site\/wp-json\/wp\/v2\/types\/page"}],"author":[{"embeddable":true,"href":"https:\/\/cloudsandtraining.net\/site\/wp-json\/wp\/v2\/users\/4"}],"replies":[{"embeddable":true,"href":"https:\/\/cloudsandtraining.net\/site\/wp-json\/wp\/v2\/comments?post=2684"}],"version-history":[{"count":7,"href":"https:\/\/cloudsandtraining.net\/site\/wp-json\/wp\/v2\/pages\/2684\/revisions"}],"predecessor-version":[{"id":2949,"href":"https:\/\/cloudsandtraining.net\/site\/wp-json\/wp\/v2\/pages\/2684\/revisions\/2949"}],"up":[{"embeddable":true,"href":"https:\/\/cloudsandtraining.net\/site\/wp-json\/wp\/v2\/pages\/2667"}],"wp:attachment":[{"href":"https:\/\/cloudsandtraining.net\/site\/wp-json\/wp\/v2\/media?parent=2684"}],"curies":[{"name":"wp","href":"https:\/\/api.w.org\/{rel}","templated":true}]}}