{"id":2755,"date":"2025-10-08T15:43:26","date_gmt":"2025-10-08T13:43:26","guid":{"rendered":"https:\/\/cloudsandtraining.net\/site\/?page_id=2755"},"modified":"2025-10-23T14:41:29","modified_gmt":"2025-10-23T12:41:29","slug":"g18-protezione-dellambiente-naturale","status":"publish","type":"page","link":"https:\/\/cloudsandtraining.net\/site\/catalogo-corsi-fad\/area-organizzazione-aziendale-esg\/g18-protezione-dellambiente-naturale\/","title":{"rendered":"G18 \u2013 Protezione dell\u2019Ambiente Naturale"},"content":{"rendered":"\t\t<div data-elementor-type=\"wp-page\" data-elementor-id=\"2755\" class=\"elementor elementor-2755\" data-elementor-post-type=\"page\">\n\t\t\t\t\t\t<section class=\"elementor-section elementor-top-section elementor-element elementor-element-5a2982e elementor-section-boxed elementor-section-height-default elementor-section-height-default\" data-id=\"5a2982e\" data-element_type=\"section\" data-e-type=\"section\">\n\t\t\t\t\t\t<div class=\"elementor-container elementor-column-gap-default\">\n\t\t\t\t\t<div class=\"elementor-column elementor-col-100 elementor-top-column elementor-element elementor-element-80bb755\" data-id=\"80bb755\" data-element_type=\"column\" data-e-type=\"column\">\n\t\t\t<div class=\"elementor-widget-wrap elementor-element-populated\">\n\t\t\t\t\t\t<div class=\"elementor-element elementor-element-c2471b4 elementor-widget elementor-widget-text-editor\" data-id=\"c2471b4\" data-element_type=\"widget\" data-e-type=\"widget\" data-widget_type=\"text-editor.default\">\n\t\t\t\t<div class=\"elementor-widget-container\">\n\t\t\t\t\t\t\t\t\t<p><strong>Obiettivi del corso<\/strong><\/p><p><span style=\"font-family: inherit; font-size: inherit; font-style: inherit; font-variant-ligatures: inherit; font-variant-caps: inherit; font-weight: inherit; background-color: var(--theme-palette-color-8); color: var(--theme-text-color); letter-spacing: var(--theme-letter-spacing); text-transform: var(--theme-text-transform);\">Imparerai l&#8217;importanza della biodiversit\u00e0 e della sostenibilit\u00e0 attraverso le metodologie per migliorare la sostenibilit\u00e0 negli ambienti lavorativi, con l&#8217;applicazione degli Obiettivi 2030 e le certificazioni ESG.<\/span><\/p><p><strong>Argomenti principali<\/strong><\/p><ul><li><span style=\"font-family: inherit; font-size: inherit; font-style: inherit; font-variant-ligatures: inherit; font-variant-caps: inherit; font-weight: inherit; background-color: var(--theme-palette-color-8); color: var(--theme-text-color); letter-spacing: var(--theme-letter-spacing); text-transform: var(--theme-text-transform);\">La sostenibilit\u00e0 ambientale<\/span><\/li><li>La biodiversit\u00e0<\/li><li>Ambiente naturale<\/li><li>Analisi delle metodologie per migliorare la sostenibilit\u00e0 negli ambienti lavorativi: l&#8217;applicazione degli Obiettivi 2030 e le certificazioni ESG<\/li><li>La tutela della biodiversit\u00e0 negli ambienti lavorativi<\/li><li>Cosa possiamo fare noi cittadini, quali sono le azioni che possiamo intraprendere concretamente per contribuire alla sostenibilit\u00e0 ambientale<\/li><\/ul><hr \/><p>Durata 3 ore<\/p><p><iframe title=\"Protezione dell\u2019Ambiente Naturale - Corso in FAD\" width=\"1290\" height=\"726\" src=\"https:\/\/www.youtube.com\/embed\/qQKcpm6zVAQ?feature=oembed\" frameborder=\"0\" allow=\"accelerometer; autoplay; clipboard-write; encrypted-media; gyroscope; picture-in-picture; web-share\" referrerpolicy=\"strict-origin-when-cross-origin\" allowfullscreen><\/iframe><\/p>\t\t\t\t\t\t\t\t<\/div>\n\t\t\t\t<\/div>\n\t\t\t\t\t<\/div>\n\t\t<\/div>\n\t\t\t\t\t<\/div>\n\t\t<\/section>\n\t\t\t\t<\/div>\n\t\t","protected":false},"excerpt":{"rendered":"<p>Obiettivi del corso Imparerai l&#8217;importanza della biodiversit\u00e0 e della sostenibilit\u00e0 attraverso le metodologie per migliorare la sostenibilit\u00e0 negli ambienti lavorativi, con l&#8217;applicazione degli Obiettivi 2030 e le certificazioni ESG. Argomenti principali La sostenibilit\u00e0 ambientale La biodiversit\u00e0 Ambiente naturale Analisi delle metodologie per migliorare la sostenibilit\u00e0 negli ambienti lavorativi: l&#8217;applicazione degli Obiettivi 2030 e le certificazioni [&hellip;]<\/p>\n","protected":false},"author":4,"featured_media":0,"parent":2667,"menu_order":0,"comment_status":"closed","ping_status":"closed","template":"","meta":{"footnotes":""},"class_list":["post-2755","page","type-page","status-publish","hentry"],"blocksy_meta":[],"_links":{"self":[{"href":"https:\/\/cloudsandtraining.net\/site\/wp-json\/wp\/v2\/pages\/2755","targetHints":{"allow":["GET"]}}],"collection":[{"href":"https:\/\/cloudsandtraining.net\/site\/wp-json\/wp\/v2\/pages"}],"about":[{"href":"https:\/\/cloudsandtraining.net\/site\/wp-json\/wp\/v2\/types\/page"}],"author":[{"embeddable":true,"href":"https:\/\/cloudsandtraining.net\/site\/wp-json\/wp\/v2\/users\/4"}],"replies":[{"embeddable":true,"href":"https:\/\/cloudsandtraining.net\/site\/wp-json\/wp\/v2\/comments?post=2755"}],"version-history":[{"count":16,"href":"https:\/\/cloudsandtraining.net\/site\/wp-json\/wp\/v2\/pages\/2755\/revisions"}],"predecessor-version":[{"id":3749,"href":"https:\/\/cloudsandtraining.net\/site\/wp-json\/wp\/v2\/pages\/2755\/revisions\/3749"}],"up":[{"embeddable":true,"href":"https:\/\/cloudsandtraining.net\/site\/wp-json\/wp\/v2\/pages\/2667"}],"wp:attachment":[{"href":"https:\/\/cloudsandtraining.net\/site\/wp-json\/wp\/v2\/media?parent=2755"}],"curies":[{"name":"wp","href":"https:\/\/api.w.org\/{rel}","templated":true}]}}