{"id":2796,"date":"2025-10-08T16:20:51","date_gmt":"2025-10-08T14:20:51","guid":{"rendered":"https:\/\/cloudsandtraining.net\/site\/?page_id=2796"},"modified":"2025-10-23T14:58:08","modified_gmt":"2025-10-23T12:58:08","slug":"ps05-abc-del-turismo-sostenibile","status":"publish","type":"page","link":"https:\/\/cloudsandtraining.net\/site\/catalogo-corsi-fad\/area-organizzazione-aziendale-esg\/ps05-abc-del-turismo-sostenibile\/","title":{"rendered":"PS05 \u2013 ABC del Turismo Sostenibile"},"content":{"rendered":"\t\t<div data-elementor-type=\"wp-page\" data-elementor-id=\"2796\" class=\"elementor elementor-2796\" data-elementor-post-type=\"page\">\n\t\t\t\t\t\t<section class=\"elementor-section elementor-top-section elementor-element elementor-element-5a2982e elementor-section-boxed elementor-section-height-default elementor-section-height-default\" data-id=\"5a2982e\" data-element_type=\"section\" data-e-type=\"section\">\n\t\t\t\t\t\t<div class=\"elementor-container elementor-column-gap-default\">\n\t\t\t\t\t<div class=\"elementor-column elementor-col-100 elementor-top-column elementor-element elementor-element-80bb755\" data-id=\"80bb755\" data-element_type=\"column\" data-e-type=\"column\">\n\t\t\t<div class=\"elementor-widget-wrap elementor-element-populated\">\n\t\t\t\t\t\t<div class=\"elementor-element elementor-element-c2471b4 elementor-widget elementor-widget-text-editor\" data-id=\"c2471b4\" data-element_type=\"widget\" data-e-type=\"widget\" data-widget_type=\"text-editor.default\">\n\t\t\t\t<div class=\"elementor-widget-container\">\n\t\t\t\t\t\t\t\t\t<p><strong>Obiettivi del corso<\/strong><\/p><p><span style=\"font-family: inherit; font-size: inherit; font-style: inherit; font-variant-ligatures: inherit; font-variant-caps: inherit; font-weight: inherit; background-color: var(--theme-palette-color-8); color: var(--theme-text-color); letter-spacing: var(--theme-letter-spacing); text-transform: var(--theme-text-transform);\">Con questo corso sarai in grado di comprendere a pieno il concetto di <\/span><strong style=\"font-family: inherit; font-size: inherit; font-style: inherit; font-variant-ligatures: inherit; font-variant-caps: inherit; background-color: var(--theme-palette-color-8); color: var(--theme-text-color); letter-spacing: var(--theme-letter-spacing); text-transform: var(--theme-text-transform);\">turismo<\/strong> <strong style=\"font-family: inherit; font-size: inherit; font-style: inherit; font-variant-ligatures: inherit; font-variant-caps: inherit; background-color: var(--theme-palette-color-8); color: var(--theme-text-color); letter-spacing: var(--theme-letter-spacing); text-transform: var(--theme-text-transform);\">sostenibile<\/strong><span style=\"font-family: inherit; font-size: inherit; font-style: inherit; font-variant-ligatures: inherit; font-variant-caps: inherit; font-weight: inherit; background-color: var(--theme-palette-color-8); color: var(--theme-text-color); letter-spacing: var(--theme-letter-spacing); text-transform: var(--theme-text-transform);\">, le pratiche da adottare e il mercato attuale e potenziale a cui fare riferimento, elementi fondamentali per le piccole e medie imprese del settore turistico.<\/span><\/p><p><strong style=\"font-family: inherit; font-size: inherit; font-style: inherit; font-variant-ligatures: inherit; font-variant-caps: inherit; background-color: var(--theme-palette-color-8); color: var(--theme-text-color); letter-spacing: var(--theme-letter-spacing); text-transform: var(--theme-text-transform);\">Argomenti principali<\/strong><\/p><ul><li>Economia sostenibile scenario e vantaggi.<\/li><li>Quali sono i vantaggi per i player che accedono ad un mercato improntato alla sostenibilit\u00e0?<\/li><li>I pilastri del nuovo modello turistico dal punto di vista ambientale, economico e sociale.<\/li><li>Il nuovo concetto di turismo, i pilastri del nuovo modello turistico dal punto di vista ambientale, economico e sociale.<\/li><li>Policy maker, vecchi e nuovi stakeholder e comunit\u00e0 locali.<\/li><li>L\u2019agenda 2030 e il turismo sostenibile.<\/li><li>Citt\u00e0 e comunit\u00e0 sostenibili, politiche basate sui tre pilastri della sostenibilit\u00e0: una pianificazione turistica sostenibile.<\/li><li>Turismo esperienziale e turismo di comunit\u00e0.<\/li><li>Il turista diventa ospite, \u201ccittadino temporaneo\u201d.<\/li><li>Una fondamentale conversione ai fini del recupero e del rilancio sostenibile dei Borghi.<\/li><li>Il fenomeno dell\u2019overtourism.<\/li><li>Decongestionamento e destagionalizzazione del turismo, come operare il cambiamento?<\/li><li>Come aiutare il potenziale inespresso delle PMI nel turismo sostenibile?<\/li><li>Agenzie e TO per una nuova ed efficace progettazione.<\/li><li>Come creare un plus nell\u2019accompagnamento dell\u2019ospite verso esperienze autentiche e solidali?<\/li><li>Ridare valore all\u2019intermediazione turistica vs\/ turista \u201cfai da te\u201d online.<\/li><li>Come incentivare l\u2019eco-business di una struttura ricettiva.<\/li><li>L\u2019utilizzo di servizi integrati sostenibili.<\/li><li>Alcuni case history dal mondo AITR.<\/li><li>I mezzi di trasporto tradizionali verso una rete di mobilit\u00e0 dolce come infrastruttura per la mobilit\u00e0 sostenibile.<\/li><li>Nuove infrastrutture sostenibili per promuovere territori depressi e aree interne.<\/li><li>Favorire l\u2019accessibilit\u00e0 ai piccoli borghi promuovendo il turismo lento e l\u2019accoglienza turistica di comunit\u00e0.<\/li><li>Agricoltura Multifunzionale.<\/li><li>Le comunit\u00e0 del cibo e il turismo enogastronomico.<\/li><li>Marchi DOP, IGP, valorizzazione dei prodotti tipici, vie del vino, PMI nascenti e future.<\/li><li>Export: eccellenze italiane.<\/li><li>Il ruolo delle PMI.<\/li><\/ul><hr \/><p>Durata: 3 ore e 30 minuti<\/p><p><iframe title=\"ABC del turismo sostenibile - Corso in FAD\" width=\"1290\" height=\"726\" src=\"https:\/\/www.youtube.com\/embed\/PPdVZ121fKw?feature=oembed\" frameborder=\"0\" allow=\"accelerometer; autoplay; clipboard-write; encrypted-media; gyroscope; picture-in-picture; web-share\" referrerpolicy=\"strict-origin-when-cross-origin\" allowfullscreen><\/iframe><\/p>\t\t\t\t\t\t\t\t<\/div>\n\t\t\t\t<\/div>\n\t\t\t\t\t<\/div>\n\t\t<\/div>\n\t\t\t\t\t<\/div>\n\t\t<\/section>\n\t\t\t\t<\/div>\n\t\t","protected":false},"excerpt":{"rendered":"<p>Obiettivi del corso Con questo corso sarai in grado di comprendere a pieno il concetto di turismo sostenibile, le pratiche da adottare e il mercato attuale e potenziale a cui fare riferimento, elementi fondamentali per le piccole e medie imprese del settore turistico. Argomenti principali Economia sostenibile scenario e vantaggi. Quali sono i vantaggi per [&hellip;]<\/p>\n","protected":false},"author":4,"featured_media":0,"parent":2667,"menu_order":0,"comment_status":"closed","ping_status":"closed","template":"","meta":{"footnotes":""},"class_list":["post-2796","page","type-page","status-publish","hentry"],"blocksy_meta":[],"_links":{"self":[{"href":"https:\/\/cloudsandtraining.net\/site\/wp-json\/wp\/v2\/pages\/2796","targetHints":{"allow":["GET"]}}],"collection":[{"href":"https:\/\/cloudsandtraining.net\/site\/wp-json\/wp\/v2\/pages"}],"about":[{"href":"https:\/\/cloudsandtraining.net\/site\/wp-json\/wp\/v2\/types\/page"}],"author":[{"embeddable":true,"href":"https:\/\/cloudsandtraining.net\/site\/wp-json\/wp\/v2\/users\/4"}],"replies":[{"embeddable":true,"href":"https:\/\/cloudsandtraining.net\/site\/wp-json\/wp\/v2\/comments?post=2796"}],"version-history":[{"count":13,"href":"https:\/\/cloudsandtraining.net\/site\/wp-json\/wp\/v2\/pages\/2796\/revisions"}],"predecessor-version":[{"id":3768,"href":"https:\/\/cloudsandtraining.net\/site\/wp-json\/wp\/v2\/pages\/2796\/revisions\/3768"}],"up":[{"embeddable":true,"href":"https:\/\/cloudsandtraining.net\/site\/wp-json\/wp\/v2\/pages\/2667"}],"wp:attachment":[{"href":"https:\/\/cloudsandtraining.net\/site\/wp-json\/wp\/v2\/media?parent=2796"}],"curies":[{"name":"wp","href":"https:\/\/api.w.org\/{rel}","templated":true}]}}