{"id":2799,"date":"2025-10-08T16:36:25","date_gmt":"2025-10-08T14:36:25","guid":{"rendered":"https:\/\/cloudsandtraining.net\/site\/?page_id=2799"},"modified":"2025-10-23T15:17:00","modified_gmt":"2025-10-23T13:17:00","slug":"ps08-mindset-dellimprenditore-sostenibile","status":"publish","type":"page","link":"https:\/\/cloudsandtraining.net\/site\/catalogo-corsi-fad\/area-organizzazione-aziendale-esg\/ps08-mindset-dellimprenditore-sostenibile\/","title":{"rendered":"PS08 \u2013 Mindset dell\u2019Imprenditore Sostenibile"},"content":{"rendered":"\t\t<div data-elementor-type=\"wp-page\" data-elementor-id=\"2799\" class=\"elementor elementor-2799\" data-elementor-post-type=\"page\">\n\t\t\t\t\t\t<section class=\"elementor-section elementor-top-section elementor-element elementor-element-5a2982e elementor-section-boxed elementor-section-height-default elementor-section-height-default\" data-id=\"5a2982e\" data-element_type=\"section\" data-e-type=\"section\">\n\t\t\t\t\t\t<div class=\"elementor-container elementor-column-gap-default\">\n\t\t\t\t\t<div class=\"elementor-column elementor-col-100 elementor-top-column elementor-element elementor-element-80bb755\" data-id=\"80bb755\" data-element_type=\"column\" data-e-type=\"column\">\n\t\t\t<div class=\"elementor-widget-wrap elementor-element-populated\">\n\t\t\t\t\t\t<div class=\"elementor-element elementor-element-c2471b4 elementor-widget elementor-widget-text-editor\" data-id=\"c2471b4\" data-element_type=\"widget\" data-e-type=\"widget\" data-widget_type=\"text-editor.default\">\n\t\t\t\t<div class=\"elementor-widget-container\">\n\t\t\t\t\t\t\t\t\t<p><strong>Obiettivi del corso<\/strong><\/p><p>Imparerai il concetto di economia ed imprenditoria sostenibile e delle pratiche e mentalit\u00e0 dell\u2019imprenditore o del manager che desidera dar spazio alla sostenibilit\u00e0 nella propria impresa.<\/p><p><strong>Principali argomenti<\/strong><\/p><ul><li>Sostenibilit\u00e0 integrale<\/li><li>Biodiversit\u00e0, gli attori della sostenibilit\u00e0<\/li><li>Genesi della Sostenibilit\u00e0<\/li><li>SDGs, Obiettivi delle Nazioni Unite<\/li><li>L\u2019imprenditore sociale, chi \u00e8 e come pensa<\/li><li>L\u2019impresa sociale all\u2019interno del mondo della sostenibilit\u00e0<\/li><li>Cambiamento sistemico<\/li><li>Case Studies<\/li><\/ul><hr \/><p>Durata: 2 ore e 30 minuti<\/p><p><iframe title=\"Mindset dell\u2019Imprenditore Sostenibile - Corso in FAD\" width=\"1290\" height=\"726\" src=\"https:\/\/www.youtube.com\/embed\/1HKwZzYQvz4?feature=oembed\" frameborder=\"0\" allow=\"accelerometer; autoplay; clipboard-write; encrypted-media; gyroscope; picture-in-picture; web-share\" referrerpolicy=\"strict-origin-when-cross-origin\" allowfullscreen><\/iframe><\/p>\t\t\t\t\t\t\t\t<\/div>\n\t\t\t\t<\/div>\n\t\t\t\t\t<\/div>\n\t\t<\/div>\n\t\t\t\t\t<\/div>\n\t\t<\/section>\n\t\t\t\t<\/div>\n\t\t","protected":false},"excerpt":{"rendered":"<p>Obiettivi del corso Imparerai il concetto di economia ed imprenditoria sostenibile e delle pratiche e mentalit\u00e0 dell\u2019imprenditore o del manager che desidera dar spazio alla sostenibilit\u00e0 nella propria impresa. Principali argomenti Sostenibilit\u00e0 integrale Biodiversit\u00e0, gli attori della sostenibilit\u00e0 Genesi della Sostenibilit\u00e0 SDGs, Obiettivi delle Nazioni Unite L\u2019imprenditore sociale, chi \u00e8 e come pensa L\u2019impresa sociale [&hellip;]<\/p>\n","protected":false},"author":4,"featured_media":0,"parent":2667,"menu_order":0,"comment_status":"closed","ping_status":"closed","template":"","meta":{"footnotes":""},"class_list":["post-2799","page","type-page","status-publish","hentry"],"blocksy_meta":[],"_links":{"self":[{"href":"https:\/\/cloudsandtraining.net\/site\/wp-json\/wp\/v2\/pages\/2799","targetHints":{"allow":["GET"]}}],"collection":[{"href":"https:\/\/cloudsandtraining.net\/site\/wp-json\/wp\/v2\/pages"}],"about":[{"href":"https:\/\/cloudsandtraining.net\/site\/wp-json\/wp\/v2\/types\/page"}],"author":[{"embeddable":true,"href":"https:\/\/cloudsandtraining.net\/site\/wp-json\/wp\/v2\/users\/4"}],"replies":[{"embeddable":true,"href":"https:\/\/cloudsandtraining.net\/site\/wp-json\/wp\/v2\/comments?post=2799"}],"version-history":[{"count":10,"href":"https:\/\/cloudsandtraining.net\/site\/wp-json\/wp\/v2\/pages\/2799\/revisions"}],"predecessor-version":[{"id":3779,"href":"https:\/\/cloudsandtraining.net\/site\/wp-json\/wp\/v2\/pages\/2799\/revisions\/3779"}],"up":[{"embeddable":true,"href":"https:\/\/cloudsandtraining.net\/site\/wp-json\/wp\/v2\/pages\/2667"}],"wp:attachment":[{"href":"https:\/\/cloudsandtraining.net\/site\/wp-json\/wp\/v2\/media?parent=2799"}],"curies":[{"name":"wp","href":"https:\/\/api.w.org\/{rel}","templated":true}]}}