{"id":4277,"date":"2026-04-03T09:11:08","date_gmt":"2026-04-03T07:11:08","guid":{"rendered":"https:\/\/cloudsandtraining.net\/site\/?page_id=4277"},"modified":"2026-04-03T09:49:30","modified_gmt":"2026-04-03T07:49:30","slug":"c138-operaio-di-produzione","status":"publish","type":"page","link":"https:\/\/cloudsandtraining.net\/site\/catalogo-corsi-fad\/area-produzione\/c138-operaio-di-produzione\/","title":{"rendered":"C138 \u2013 Operaio di Produzione"},"content":{"rendered":"\t\t<div data-elementor-type=\"wp-page\" data-elementor-id=\"4277\" class=\"elementor elementor-4277\" data-elementor-post-type=\"page\">\n\t\t\t\t\t\t<section class=\"elementor-section elementor-top-section elementor-element elementor-element-5a2982e elementor-section-boxed elementor-section-height-default elementor-section-height-default\" data-id=\"5a2982e\" data-element_type=\"section\" data-e-type=\"section\">\n\t\t\t\t\t\t<div class=\"elementor-container elementor-column-gap-default\">\n\t\t\t\t\t<div class=\"elementor-column elementor-col-100 elementor-top-column elementor-element elementor-element-80bb755\" data-id=\"80bb755\" data-element_type=\"column\" data-e-type=\"column\">\n\t\t\t<div class=\"elementor-widget-wrap elementor-element-populated\">\n\t\t\t\t\t\t<div class=\"elementor-element elementor-element-c2471b4 elementor-widget elementor-widget-text-editor\" data-id=\"c2471b4\" data-element_type=\"widget\" data-e-type=\"widget\" data-widget_type=\"text-editor.default\">\n\t\t\t\t<div class=\"elementor-widget-container\">\n\t\t\t\t\t\t\t\t\t<p><strong>Obietti formativi<\/strong><\/p><p>Sviluppare competenze trasversali fondamentali per l&#8217;operaio di produzione moderno, applicabili in diversi contesti industriali.<\/p><article class=\"text-token-text-primary w-full focus:outline-none scroll-mt-[calc(var(--header-height)+min(200px,max(70px,20svh)))]\" dir=\"auto\" tabindex=\"-1\" data-turn-id=\"request-68ca7d25-ac50-8327-839e-c85e82af8951-4\" data-testid=\"conversation-turn-96\" data-scroll-anchor=\"true\" data-turn=\"assistant\"><div class=\"text-base my-auto mx-auto pb-10 [--thread-content-margin:--spacing(4)] thread-sm:[--thread-content-margin:--spacing(6)] thread-lg:[--thread-content-margin:--spacing(16)] px-(--thread-content-margin)\"><div class=\"[--thread-content-max-width:40rem] thread-lg:[--thread-content-max-width:48rem] mx-auto max-w-(--thread-content-max-width) flex-1 group\/turn-messages focus-visible:outline-hidden relative flex w-full min-w-0 flex-col agent-turn\" tabindex=\"-1\"><div class=\"flex max-w-full flex-col grow\"><div class=\"min-h-8 text-message relative flex w-full flex-col items-end gap-2 text-start break-words whitespace-normal [.text-message+&amp;]:mt-5\" dir=\"auto\" data-message-author-role=\"assistant\" data-message-id=\"b2dc2b5b-3fd2-4dbc-90c4-6a5b76722bea\" data-message-model-slug=\"gpt-5\"><div class=\"flex w-full flex-col gap-1 empty:hidden first:pt-[3px]\"><div class=\"markdown prose dark:prose-invert w-full break-words light markdown-new-styling\"><article class=\"text-token-text-primary w-full focus:outline-none scroll-mt-[calc(var(--header-height)+min(200px,max(70px,20svh)))]\" dir=\"auto\" tabindex=\"-1\" data-turn-id=\"request-68ca7d25-ac50-8327-839e-c85e82af8951-5\" data-testid=\"conversation-turn-98\" data-scroll-anchor=\"true\" data-turn=\"assistant\"><div class=\"text-base my-auto mx-auto pb-10 [--thread-content-margin:--spacing(4)] thread-sm:[--thread-content-margin:--spacing(6)] thread-lg:[--thread-content-margin:--spacing(16)] px-(--thread-content-margin)\"><div class=\"[--thread-content-max-width:40rem] thread-lg:[--thread-content-max-width:48rem] mx-auto max-w-(--thread-content-max-width) flex-1 group\/turn-messages focus-visible:outline-hidden relative flex w-full min-w-0 flex-col agent-turn\" tabindex=\"-1\"><div class=\"flex max-w-full flex-col grow\"><div class=\"min-h-8 text-message relative flex w-full flex-col items-end gap-2 text-start break-words whitespace-normal [.text-message+&amp;]:mt-5\" dir=\"auto\" data-message-author-role=\"assistant\" data-message-id=\"4a1fbef7-ebbb-4748-8497-4929bc5bc8cb\" data-message-model-slug=\"gpt-5\"><div class=\"flex w-full flex-col gap-1 empty:hidden first:pt-[3px]\"><div class=\"markdown prose dark:prose-invert w-full break-words light markdown-new-styling\"><article class=\"text-token-text-primary w-full focus:outline-none [--shadow-height:45px] has-data-writing-block:pointer-events-none has-data-writing-block:-mt-(--shadow-height) has-data-writing-block:pt-(--shadow-height) [&amp;:has([data-writing-block])&gt;*]:pointer-events-auto [content-visibility:auto] supports-[content-visibility:auto]:[contain-intrinsic-size:auto_100lvh] scroll-mt-[calc(var(--header-height)+min(200px,max(70px,20svh)))]\" dir=\"auto\" tabindex=\"-1\" data-turn-id=\"c8bd7520-c64b-4fb3-be7d-09253fe66f21\" data-testid=\"conversation-turn-44\" data-scroll-anchor=\"true\" data-turn=\"assistant\"><div class=\"text-base my-auto mx-auto pb-10 [--thread-content-margin:--spacing(4)] thread-sm:[--thread-content-margin:--spacing(6)] thread-lg:[--thread-content-margin:--spacing(16)] px-(--thread-content-margin)\"><div class=\"[--thread-content-max-width:40rem] thread-lg:[--thread-content-max-width:48rem] mx-auto max-w-(--thread-content-max-width) flex-1 group\/turn-messages focus-visible:outline-hidden relative flex w-full min-w-0 flex-col agent-turn\" tabindex=\"-1\"><div class=\"flex max-w-full flex-col grow\"><div class=\"min-h-8 text-message relative flex w-full flex-col items-end gap-2 text-start break-words whitespace-normal [.text-message+&amp;]:mt-5\" dir=\"auto\" data-message-author-role=\"assistant\" data-message-id=\"e12aff0e-df9f-4029-a8f6-1e5c32785d8c\" data-message-model-slug=\"gpt-5\"><div class=\"flex w-full flex-col gap-1 empty:hidden first:pt-[1px]\"><div class=\"markdown prose dark:prose-invert w-full break-words light markdown-new-styling\"><ul><li data-start=\"0\" data-end=\"215\"><p>DPI: uso corretto e manutenzione<\/p><\/li><li data-start=\"0\" data-end=\"215\"><p>Procedure di emergenza<\/p><\/li><li data-start=\"0\" data-end=\"215\"><p>Segnaletica di sicurezza<\/p><\/li><li data-start=\"0\" data-end=\"215\"><p>Principi di controllo qualit\u00e0<\/p><\/li><li data-start=\"0\" data-end=\"215\"><p>Strumenti di misura di base<\/p><\/li><li data-start=\"0\" data-end=\"215\"><p>Non conformit\u00e0: identificazione e gestione<\/p><\/li><li data-start=\"0\" data-end=\"215\"><p>Documentazione e tracciabilit\u00e0<\/p><\/li><li data-start=\"0\" data-end=\"215\"><p>Standard ISO 9001 concetti base<\/p><\/li><li data-start=\"0\" data-end=\"215\"><p>Metodologia 5S (ordine e pulizia)<\/p><\/li><li data-start=\"0\" data-end=\"215\"><p>Ergonomia del posto di lavoro<\/p><\/li><li data-start=\"0\" data-end=\"215\"><p>Gestione materiali e scorte<\/p><\/li><li data-start=\"0\" data-end=\"215\"><p>Manutenzione preventiva di base<\/p><\/li><li data-start=\"0\" data-end=\"215\"><p>Comunicazione efficace nel team<\/p><\/li><li data-start=\"0\" data-end=\"215\"><p>Rapporti con supervisori e colleghi<\/p><\/li><li data-start=\"0\" data-end=\"215\"><p>Problem solving collaborativo<\/p><\/li><li data-start=\"0\" data-end=\"215\"><p>Principi Lean<\/p><\/li><li data-start=\"0\" data-end=\"215\"><p>La Value Stream Map<\/p><\/li><li data-start=\"0\" data-end=\"215\"><p>Identificazione sprechi<\/p><\/li><li data-start=\"0\" data-end=\"215\"><p>Kaizen di base<\/p><\/li><li data-start=\"0\" data-end=\"215\"><p>Cos&#8217;\u00e8 la quarta rivoluzione industriale<\/p><\/li><li data-start=\"0\" data-end=\"215\"><p>Competenze digitali richieste<\/p><\/li><li data-start=\"0\" data-end=\"215\"><p>IoT e sensori intelligenti<\/p><\/li><li data-start=\"0\" data-end=\"215\"><p>Tablet e dispositivi digitali per la produzione<\/p><\/li><li data-start=\"0\" data-end=\"215\"><p>Sistemi MES (Manufacturing Execution System) concetti base<\/p><\/li><li data-start=\"0\" data-end=\"215\"><p>Lettura dati e dashboard digitali<\/p><\/li><li data-start=\"0\" data-end=\"215\"><p>Manutenzione predittiva e data collection<\/p><\/li><\/ul><p data-start=\"0\" data-end=\"215\" data-is-last-node=\"\" data-is-only-node=\"\">Durata: 24 ore<\/p><p><iframe title=\"Operaio di Produzione: sicurezza, qualit\u00e0, Lean e Industria 4.0 per la fabbrica moderna\" width=\"1290\" height=\"726\" src=\"https:\/\/www.youtube.com\/embed\/iDK9M25c8Z0?feature=oembed\" frameborder=\"0\" allow=\"accelerometer; autoplay; clipboard-write; encrypted-media; gyroscope; picture-in-picture; web-share\" referrerpolicy=\"strict-origin-when-cross-origin\" allowfullscreen><\/iframe><\/p><\/div><\/div><\/div><\/div><\/div><\/div><\/article><\/div><\/div><\/div><\/div><\/div><\/div><\/article><\/div><\/div><\/div><\/div><\/div><\/div><\/article>\t\t\t\t\t\t\t\t<\/div>\n\t\t\t\t<\/div>\n\t\t\t\t\t<\/div>\n\t\t<\/div>\n\t\t\t\t\t<\/div>\n\t\t<\/section>\n\t\t\t\t<\/div>\n\t\t","protected":false},"excerpt":{"rendered":"<p>Obietti formativi Sviluppare competenze trasversali fondamentali per l&#8217;operaio di produzione moderno, applicabili in diversi contesti industriali. DPI: uso corretto e manutenzione Procedure di emergenza Segnaletica di sicurezza Principi di controllo qualit\u00e0 Strumenti di misura di base Non conformit\u00e0: identificazione e gestione Documentazione e tracciabilit\u00e0 Standard ISO 9001 concetti base Metodologia 5S (ordine e pulizia) Ergonomia [&hellip;]<\/p>\n","protected":false},"author":4,"featured_media":0,"parent":4035,"menu_order":0,"comment_status":"closed","ping_status":"closed","template":"","meta":{"footnotes":""},"class_list":["post-4277","page","type-page","status-publish","hentry"],"blocksy_meta":[],"_links":{"self":[{"href":"https:\/\/cloudsandtraining.net\/site\/wp-json\/wp\/v2\/pages\/4277","targetHints":{"allow":["GET"]}}],"collection":[{"href":"https:\/\/cloudsandtraining.net\/site\/wp-json\/wp\/v2\/pages"}],"about":[{"href":"https:\/\/cloudsandtraining.net\/site\/wp-json\/wp\/v2\/types\/page"}],"author":[{"embeddable":true,"href":"https:\/\/cloudsandtraining.net\/site\/wp-json\/wp\/v2\/users\/4"}],"replies":[{"embeddable":true,"href":"https:\/\/cloudsandtraining.net\/site\/wp-json\/wp\/v2\/comments?post=4277"}],"version-history":[{"count":7,"href":"https:\/\/cloudsandtraining.net\/site\/wp-json\/wp\/v2\/pages\/4277\/revisions"}],"predecessor-version":[{"id":4317,"href":"https:\/\/cloudsandtraining.net\/site\/wp-json\/wp\/v2\/pages\/4277\/revisions\/4317"}],"up":[{"embeddable":true,"href":"https:\/\/cloudsandtraining.net\/site\/wp-json\/wp\/v2\/pages\/4035"}],"wp:attachment":[{"href":"https:\/\/cloudsandtraining.net\/site\/wp-json\/wp\/v2\/media?parent=4277"}],"curies":[{"name":"wp","href":"https:\/\/api.w.org\/{rel}","templated":true}]}}